{"id":2462,"date":"2024-11-27T17:15:34","date_gmt":"2024-11-27T17:15:34","guid":{"rendered":"http:\/\/gymnitours.ca\/term\/"},"modified":"2024-11-27T17:22:49","modified_gmt":"2024-11-27T17:22:49","slug":"term","status":"publish","type":"page","link":"http:\/\/gymnitours.ca\/en\/term\/","title":{"rendered":"Service life"},"content":{"rendered":"\t\t<div data-elementor-type=\"wp-page\" data-elementor-id=\"2462\" class=\"elementor elementor-2462 elementor-2460\" data-elementor-post-type=\"page\">\n\t\t\t\t<div class=\"elementor-element elementor-element-b3e1746 e-flex e-con-boxed e-con e-parent\" data-id=\"b3e1746\" data-element_type=\"container\">\n\t\t\t\t\t<div class=\"e-con-inner\">\n\t\t<div class=\"elementor-element elementor-element-3d4487c e-con-full e-flex e-con e-child\" data-id=\"3d4487c\" data-element_type=\"container\">\n\t\t\t\t<div class=\"elementor-element elementor-element-68967fc elementor-widget elementor-widget-heading\" data-id=\"68967fc\" data-element_type=\"widget\" data-widget_type=\"heading.default\">\n\t\t\t\t<div class=\"elementor-widget-container\">\n\t\t\t<h1 class=\"elementor-heading-title elementor-size-default\">Service life<\/h1>\t\t<\/div>\n\t\t\t\t<\/div>\n\t\t\t\t<div class=\"elementor-element elementor-element-485cab9 elementor-widget elementor-widget-text-editor\" data-id=\"485cab9\" data-element_type=\"widget\" data-widget_type=\"text-editor.default\">\n\t\t\t\t<div class=\"elementor-widget-container\">\n\t\t\t\t\t\t\t<p><strong>Last update :  [Date]<\/strong><\/p>\n<p>Welcome to <strong>Club Gymnitours<\/strong>. By accessing or using our services, you agree to the following terms, which govern our relationship with you as a member, user or visitor to our platform.<\/p>\n<h4>1. <strong>Purpose<\/strong><\/h4>\n<p>This document sets out the terms and conditions governing:<\/p>\n<ul>\n<li>Registration and participation in Club Gymnitours activities.<\/li>\n<li>Access to information and services provided on our site or through our official channels.<\/li>\n<\/ul>\n<h4>2. <strong>Duration and termination<\/strong><\/h4>\n<ul>\n<li>These conditions apply from the moment you access our services.<\/li>\n<li>You may terminate your relationship with the club by cancelling your membership or ceasing to use our services at any time.<\/li>\n<li>We reserve the right to suspend or terminate a user&#8217;s access in the event of non-compliance with these terms or for any behavior deemed inappropriate.<\/li>\n<\/ul>\n<h4>3. <strong>Membership and obligations<\/strong><\/h4>\n<ul>\n<li>Membership of the club or participation in its programs requires compliance with eligibility criteria and payment of fees, where applicable.<\/li>\n<li>Members undertake to :\n<ul>\n<li>Provide accurate information when registering.<\/li>\n<li>Respect the internal rules established for activities, training and competitions.<\/li>\n<li>Participate actively and promote sportsmanship and respect.<\/li>\n<\/ul>\n<\/li>\n<\/ul>\n<h4>4. <strong>Gymnitours Club commitments<\/strong><\/h4>\n<p>We are committed to :<\/p>\n<ul>\n<li>Provide a safe and inclusive environment for all our members.<\/li>\n<li>Provide a structured training program adapted to the skills of each participant.<\/li>\n<li>Provide ongoing monitoring and personalized support for athlete development.<\/li>\n<\/ul>\n<h4>5. <strong>Limitation of liability<\/strong><\/h4>\n<ul>\n<li>The Gymnitours Club is not responsible for any injury, damage or loss that may occur during participation in activities, except in the case of gross negligence on our part.<\/li>\n<li>Members are invited to take out personal insurance to cover sporting activities.<\/li>\n<\/ul>\n<h4>6. <strong>Service modification<\/strong><\/h4>\n<p>We reserve the right to change or discontinue any aspect of our programs, services or conditions at any time. Any major changes will be communicated to members as soon as possible.<\/p>\n<h4>7. <strong>Personal data<\/strong><\/h4>\n<p>Data collected from members is used in accordance with our <a href=\"https:\/\/gymnitours.ca\/en\/privacy-policy\/\">Privacy Policy<\/a>.<\/p>\n<h4>8. <strong>Contact<\/strong><\/h4>\n<p>If you have any questions about these conditions, please contact us at:<br \/>[Adresse e-mail ou num\u00e9ro de t\u00e9l\u00e9phone].<\/p>\n<p><strong>Thank you for your confidence.<\/strong><\/p>\n\t\t\t\t\t\t<\/div>\n\t\t\t\t<\/div>\n\t\t\t\t<\/div>\n\t\t\t\t\t<\/div>\n\t\t\t\t<\/div>\n\t\t\t\t<\/div>\n\t\t","protected":false},"excerpt":{"rendered":"<p>Service life Last update : [Date] Welcome to Club Gymnitours. By accessing or using our services, you agree to the following terms, which govern our relationship with you as a member, user or visitor to our platform. 1. Purpose This document sets out the terms and conditions governing: Registration and participation in Club Gymnitours activities. [&hellip;]<\/p>\n","protected":false},"author":1,"featured_media":0,"parent":0,"menu_order":0,"comment_status":"closed","ping_status":"closed","template":"","meta":{"footnotes":""},"class_list":["post-2462","page","type-page","status-publish","hentry"],"yoast_head":"<!-- This site is optimized with the Yoast SEO plugin v23.9 - https:\/\/yoast.com\/wordpress\/plugins\/seo\/ -->\n<title>Service life - Gymnitours<\/title>\n<meta name=\"robots\" content=\"index, follow, max-snippet:-1, max-image-preview:large, max-video-preview:-1\" \/>\n<link rel=\"canonical\" href=\"http:\/\/gymnitours.ca\/en\/term\/\" \/>\n<meta property=\"og:locale\" content=\"en_US\" \/>\n<meta property=\"og:type\" content=\"article\" \/>\n<meta property=\"og:title\" content=\"Service life - Gymnitours\" \/>\n<meta property=\"og:description\" content=\"Service life Last update : [Date] Welcome to Club Gymnitours. By accessing or using our services, you agree to the following terms, which govern our relationship with you as a member, user or visitor to our platform. 1. Purpose This document sets out the terms and conditions governing: Registration and participation in Club Gymnitours activities. [&hellip;]\" \/>\n<meta property=\"og:url\" content=\"http:\/\/gymnitours.ca\/en\/term\/\" \/>\n<meta property=\"og:site_name\" content=\"Gymnitours\" \/>\n<meta property=\"article:publisher\" content=\"https:\/\/www.facebook.com\/people\/Gymnitours-de-Lachine\/100063534614742\/\" \/>\n<meta property=\"article:modified_time\" content=\"2024-11-27T17:22:49+00:00\" \/>\n<meta name=\"twitter:card\" content=\"summary_large_image\" \/>\n<meta name=\"twitter:label1\" content=\"Est. reading time\" \/>\n\t<meta name=\"twitter:data1\" content=\"2 minutes\" \/>\n<script type=\"application\/ld+json\" class=\"yoast-schema-graph\">{\"@context\":\"https:\/\/schema.org\",\"@graph\":[{\"@type\":\"WebPage\",\"@id\":\"http:\/\/gymnitours.ca\/en\/term\/\",\"url\":\"http:\/\/gymnitours.ca\/en\/term\/\",\"name\":\"Service life - Gymnitours\",\"isPartOf\":{\"@id\":\"https:\/\/gymnitours.ca\/en\/#website\"},\"datePublished\":\"2024-11-27T17:15:34+00:00\",\"dateModified\":\"2024-11-27T17:22:49+00:00\",\"breadcrumb\":{\"@id\":\"http:\/\/gymnitours.ca\/en\/term\/#breadcrumb\"},\"inLanguage\":\"en-US\",\"potentialAction\":[{\"@type\":\"ReadAction\",\"target\":[\"http:\/\/gymnitours.ca\/en\/term\/\"]}]},{\"@type\":\"BreadcrumbList\",\"@id\":\"http:\/\/gymnitours.ca\/en\/term\/#breadcrumb\",\"itemListElement\":[{\"@type\":\"ListItem\",\"position\":1,\"name\":\"Accueil\",\"item\":\"https:\/\/gymnitours.ca\/en\/\"},{\"@type\":\"ListItem\",\"position\":2,\"name\":\"Service life\"}]},{\"@type\":\"WebSite\",\"@id\":\"https:\/\/gymnitours.ca\/en\/#website\",\"url\":\"https:\/\/gymnitours.ca\/en\/\",\"name\":\"Club Gymnitours\",\"description\":\"\",\"publisher\":{\"@id\":\"https:\/\/gymnitours.ca\/en\/#organization\"},\"potentialAction\":[{\"@type\":\"SearchAction\",\"target\":{\"@type\":\"EntryPoint\",\"urlTemplate\":\"https:\/\/gymnitours.ca\/en\/?s={search_term_string}\"},\"query-input\":{\"@type\":\"PropertyValueSpecification\",\"valueRequired\":true,\"valueName\":\"search_term_string\"}}],\"inLanguage\":\"en-US\"},{\"@type\":\"Organization\",\"@id\":\"https:\/\/gymnitours.ca\/en\/#organization\",\"name\":\"Club Gymnitours\",\"url\":\"https:\/\/gymnitours.ca\/en\/\",\"logo\":{\"@type\":\"ImageObject\",\"inLanguage\":\"en-US\",\"@id\":\"https:\/\/gymnitours.ca\/en\/#\/schema\/logo\/image\/\",\"url\":\"http:\/\/gymnitours.ca\/wp-content\/uploads\/2024\/12\/logo-3.jpg\",\"contentUrl\":\"http:\/\/gymnitours.ca\/wp-content\/uploads\/2024\/12\/logo-3.jpg\",\"width\":228,\"height\":65,\"caption\":\"Club Gymnitours\"},\"image\":{\"@id\":\"https:\/\/gymnitours.ca\/en\/#\/schema\/logo\/image\/\"},\"sameAs\":[\"https:\/\/www.facebook.com\/people\/Gymnitours-de-Lachine\/100063534614742\/\",\"https:\/\/www.instagram.com\/clubgymnitoursdelachine\/\"]}]}<\/script>\n<!-- \/ Yoast SEO plugin. -->","yoast_head_json":{"title":"Service life - Gymnitours","robots":{"index":"index","follow":"follow","max-snippet":"max-snippet:-1","max-image-preview":"max-image-preview:large","max-video-preview":"max-video-preview:-1"},"canonical":"http:\/\/gymnitours.ca\/en\/term\/","og_locale":"en_US","og_type":"article","og_title":"Service life - Gymnitours","og_description":"Service life Last update : [Date] Welcome to Club Gymnitours. By accessing or using our services, you agree to the following terms, which govern our relationship with you as a member, user or visitor to our platform. 1. Purpose This document sets out the terms and conditions governing: Registration and participation in Club Gymnitours activities. [&hellip;]","og_url":"http:\/\/gymnitours.ca\/en\/term\/","og_site_name":"Gymnitours","article_publisher":"https:\/\/www.facebook.com\/people\/Gymnitours-de-Lachine\/100063534614742\/","article_modified_time":"2024-11-27T17:22:49+00:00","twitter_card":"summary_large_image","twitter_misc":{"Est. reading time":"2 minutes"},"schema":{"@context":"https:\/\/schema.org","@graph":[{"@type":"WebPage","@id":"http:\/\/gymnitours.ca\/en\/term\/","url":"http:\/\/gymnitours.ca\/en\/term\/","name":"Service life - Gymnitours","isPartOf":{"@id":"https:\/\/gymnitours.ca\/en\/#website"},"datePublished":"2024-11-27T17:15:34+00:00","dateModified":"2024-11-27T17:22:49+00:00","breadcrumb":{"@id":"http:\/\/gymnitours.ca\/en\/term\/#breadcrumb"},"inLanguage":"en-US","potentialAction":[{"@type":"ReadAction","target":["http:\/\/gymnitours.ca\/en\/term\/"]}]},{"@type":"BreadcrumbList","@id":"http:\/\/gymnitours.ca\/en\/term\/#breadcrumb","itemListElement":[{"@type":"ListItem","position":1,"name":"Accueil","item":"https:\/\/gymnitours.ca\/en\/"},{"@type":"ListItem","position":2,"name":"Service life"}]},{"@type":"WebSite","@id":"https:\/\/gymnitours.ca\/en\/#website","url":"https:\/\/gymnitours.ca\/en\/","name":"Club Gymnitours","description":"","publisher":{"@id":"https:\/\/gymnitours.ca\/en\/#organization"},"potentialAction":[{"@type":"SearchAction","target":{"@type":"EntryPoint","urlTemplate":"https:\/\/gymnitours.ca\/en\/?s={search_term_string}"},"query-input":{"@type":"PropertyValueSpecification","valueRequired":true,"valueName":"search_term_string"}}],"inLanguage":"en-US"},{"@type":"Organization","@id":"https:\/\/gymnitours.ca\/en\/#organization","name":"Club Gymnitours","url":"https:\/\/gymnitours.ca\/en\/","logo":{"@type":"ImageObject","inLanguage":"en-US","@id":"https:\/\/gymnitours.ca\/en\/#\/schema\/logo\/image\/","url":"http:\/\/gymnitours.ca\/wp-content\/uploads\/2024\/12\/logo-3.jpg","contentUrl":"http:\/\/gymnitours.ca\/wp-content\/uploads\/2024\/12\/logo-3.jpg","width":228,"height":65,"caption":"Club Gymnitours"},"image":{"@id":"https:\/\/gymnitours.ca\/en\/#\/schema\/logo\/image\/"},"sameAs":["https:\/\/www.facebook.com\/people\/Gymnitours-de-Lachine\/100063534614742\/","https:\/\/www.instagram.com\/clubgymnitoursdelachine\/"]}]}},"_links":{"self":[{"href":"http:\/\/gymnitours.ca\/en\/wp-json\/wp\/v2\/pages\/2462","targetHints":{"allow":["GET"]}}],"collection":[{"href":"http:\/\/gymnitours.ca\/en\/wp-json\/wp\/v2\/pages"}],"about":[{"href":"http:\/\/gymnitours.ca\/en\/wp-json\/wp\/v2\/types\/page"}],"author":[{"embeddable":true,"href":"http:\/\/gymnitours.ca\/en\/wp-json\/wp\/v2\/users\/1"}],"replies":[{"embeddable":true,"href":"http:\/\/gymnitours.ca\/en\/wp-json\/wp\/v2\/comments?post=2462"}],"version-history":[{"count":2,"href":"http:\/\/gymnitours.ca\/en\/wp-json\/wp\/v2\/pages\/2462\/revisions"}],"predecessor-version":[{"id":2471,"href":"http:\/\/gymnitours.ca\/en\/wp-json\/wp\/v2\/pages\/2462\/revisions\/2471"}],"wp:attachment":[{"href":"http:\/\/gymnitours.ca\/en\/wp-json\/wp\/v2\/media?parent=2462"}],"curies":[{"name":"wp","href":"https:\/\/api.w.org\/{rel}","templated":true}]}}