{"id":2476,"date":"2024-11-27T17:19:47","date_gmt":"2024-11-27T17:19:47","guid":{"rendered":"http:\/\/gymnitours.ca\/legal-information\/"},"modified":"2024-11-27T17:24:27","modified_gmt":"2024-11-27T17:24:27","slug":"legal-information","status":"publish","type":"page","link":"https:\/\/gymnitours.ca\/en\/legal-information\/","title":{"rendered":"Legal Information"},"content":{"rendered":"\t\t<div data-elementor-type=\"wp-page\" data-elementor-id=\"2476\" class=\"elementor elementor-2476 elementor-2469\" data-elementor-post-type=\"page\">\n\t\t\t\t<div class=\"elementor-element elementor-element-d1cb392 e-flex e-con-boxed e-con e-parent\" data-id=\"d1cb392\" data-element_type=\"container\">\n\t\t\t\t\t<div class=\"e-con-inner\">\n\t\t<div class=\"elementor-element elementor-element-0a4c684 e-con-full e-flex e-con e-child\" data-id=\"0a4c684\" data-element_type=\"container\">\n\t\t\t\t<div class=\"elementor-element elementor-element-81ef62b elementor-widget elementor-widget-heading\" data-id=\"81ef62b\" data-element_type=\"widget\" data-widget_type=\"heading.default\">\n\t\t\t\t<div class=\"elementor-widget-container\">\n\t\t\t<h1 class=\"elementor-heading-title elementor-size-default\">Legal Information<\/h1>\t\t<\/div>\n\t\t\t\t<\/div>\n\t\t\t\t<div class=\"elementor-element elementor-element-8b2abb4 elementor-widget elementor-widget-text-editor\" data-id=\"8b2abb4\" data-element_type=\"widget\" data-widget_type=\"text-editor.default\">\n\t\t\t\t<div class=\"elementor-widget-container\">\n\t\t\t\t\t\t\t<p><strong>Last update :  [Date]<\/strong><\/p>\n<p>In accordance with the provisions of articles 6-III and 19 of the French Law no. 2004-575 of June 21, 2004 for Confidence in the Digital Economy (LCEN), we provide users with legal information relating to our site and our services.<\/p>\n<h4>1. <strong>Site editor<\/strong><\/h4>\n<p><strong>Site name<\/strong>: Club Gymnitours<br \/><strong>Publication manager<\/strong>: [Nom du responsable]<br \/><strong>Address<\/strong>: [Adresse postale compl\u00e8te]<br \/><strong>Telephone<\/strong>: [Num\u00e9ro de t\u00e9l\u00e9phone]<br \/><strong>E-mail<\/strong>: [Adresse e-mail]<br \/><strong>Registration number (SIRET\/SIREN)<\/strong>:  [Num\u00e9ro de votre entreprise]<\/p>\n<h4>2. <strong>Site host<\/strong><\/h4>\n<p><strong>Host name<\/strong>: [Nom de l\u2019h\u00e9bergeur]<br \/><strong>Address<\/strong>: [Adresse de l\u2019h\u00e9bergeur]<br \/><strong>Telephone<\/strong>: [Num\u00e9ro de t\u00e9l\u00e9phone de l\u2019h\u00e9bergeur]<br \/><strong>Website<\/strong>:  [Lien vers le site de l\u2019h\u00e9bergeur]<\/p>\n<h4>3. <strong>Intellectual property<\/strong><\/h4>\n<ul>\n<li>All content on this site (text, images, videos, logos, graphics) is the exclusive property of <strong>Club Gymnitours<\/strong>, unless otherwise stated.<\/li>\n<li>Any reproduction, modification or distribution without prior written authorization is strictly prohibited and may result in legal action.<\/li>\n<\/ul>\n<h4>4. <strong>Personal data protection<\/strong><\/h4>\n<p><strong>Club Gymnitours<\/strong> is committed to respecting the confidentiality of personal data collected via this site. For more information, please consult our <a href=\"https:\/\/gymnitours.ca\/en\/privacy-policy\/\" rel=\"noopener\">Privacy Policy<\/a>. <\/p>\n<h4>5. <strong>Liability<\/strong><\/h4>\n<ul>\n<li><strong>Club Gymnitours<\/strong> makes every effort to ensure the accuracy of the information published on the site. However, we cannot be held responsible for any errors or omissions, or for any direct or indirect damage arising from use of the site. <\/li>\n<li>External links on our site are provided for information purposes only, and we are not responsible for the content of third-party sites.<\/li>\n<\/ul>\n<h4>6. <strong>Contact<\/strong><\/h4>\n<p>If you have any questions or complaints about our legal information, please contact us :<\/p>\n<ul>\n<li><strong>E-mail<\/strong>:  [Votre e-mail de contact]<\/li>\n<li><strong>Postal address<\/strong>:  [Adresse compl\u00e8te du si\u00e8ge social]<\/li>\n<\/ul>\n<h4>7. <strong>Additional information<\/strong><\/h4>\n<ul>\n<li><strong>Legal status<\/strong>: [Association\/sole proprietorship\/company, according to your status].<\/li>\n<li><strong>VAT number<\/strong>:  [Si applicable]<\/li>\n<\/ul>\n<p><strong>Thank you for your confidence and for being part of the Club Gymnitours community.<\/strong><\/p>\n\t\t\t\t\t\t<\/div>\n\t\t\t\t<\/div>\n\t\t\t\t<\/div>\n\t\t\t\t\t<\/div>\n\t\t\t\t<\/div>\n\t\t\t\t<\/div>\n\t\t","protected":false},"excerpt":{"rendered":"<p>Legal Information Last update : [Date] In accordance with the provisions of articles 6-III and 19 of the French Law no. 2004-575 of June 21, 2004 for Confidence in the Digital Economy (LCEN), we provide users with legal information relating to our site and our services. 1. Site editor Site name: Club GymnitoursPublication manager: [Nom [&hellip;]<\/p>\n","protected":false},"author":1,"featured_media":0,"parent":0,"menu_order":0,"comment_status":"closed","ping_status":"closed","template":"","meta":{"footnotes":""},"class_list":["post-2476","page","type-page","status-publish","hentry"],"yoast_head":"<!-- This site is optimized with the Yoast SEO plugin v23.9 - https:\/\/yoast.com\/wordpress\/plugins\/seo\/ -->\n<title>Legal Information - Gymnitours<\/title>\n<meta name=\"robots\" content=\"index, follow, max-snippet:-1, max-image-preview:large, max-video-preview:-1\" \/>\n<link rel=\"canonical\" href=\"https:\/\/gymnitours.ca\/en\/legal-information\/\" \/>\n<meta property=\"og:locale\" content=\"en_US\" \/>\n<meta property=\"og:type\" content=\"article\" \/>\n<meta property=\"og:title\" content=\"Legal Information - Gymnitours\" \/>\n<meta property=\"og:description\" content=\"Legal Information Last update : [Date] In accordance with the provisions of articles 6-III and 19 of the French Law no. 2004-575 of June 21, 2004 for Confidence in the Digital Economy (LCEN), we provide users with legal information relating to our site and our services. 1. Site editor Site name: Club GymnitoursPublication manager: [Nom [&hellip;]\" \/>\n<meta property=\"og:url\" content=\"https:\/\/gymnitours.ca\/en\/legal-information\/\" \/>\n<meta property=\"og:site_name\" content=\"Gymnitours\" \/>\n<meta property=\"article:publisher\" content=\"https:\/\/www.facebook.com\/people\/Gymnitours-de-Lachine\/100063534614742\/\" \/>\n<meta property=\"article:modified_time\" content=\"2024-11-27T17:24:27+00:00\" \/>\n<meta name=\"twitter:card\" content=\"summary_large_image\" \/>\n<meta name=\"twitter:label1\" content=\"Est. reading time\" \/>\n\t<meta name=\"twitter:data1\" content=\"1 minute\" \/>\n<script type=\"application\/ld+json\" class=\"yoast-schema-graph\">{\"@context\":\"https:\/\/schema.org\",\"@graph\":[{\"@type\":\"WebPage\",\"@id\":\"https:\/\/gymnitours.ca\/en\/legal-information\/\",\"url\":\"https:\/\/gymnitours.ca\/en\/legal-information\/\",\"name\":\"Legal Information - Gymnitours\",\"isPartOf\":{\"@id\":\"https:\/\/gymnitours.ca\/en\/#website\"},\"datePublished\":\"2024-11-27T17:19:47+00:00\",\"dateModified\":\"2024-11-27T17:24:27+00:00\",\"breadcrumb\":{\"@id\":\"https:\/\/gymnitours.ca\/en\/legal-information\/#breadcrumb\"},\"inLanguage\":\"en-US\",\"potentialAction\":[{\"@type\":\"ReadAction\",\"target\":[\"https:\/\/gymnitours.ca\/en\/legal-information\/\"]}]},{\"@type\":\"BreadcrumbList\",\"@id\":\"https:\/\/gymnitours.ca\/en\/legal-information\/#breadcrumb\",\"itemListElement\":[{\"@type\":\"ListItem\",\"position\":1,\"name\":\"Accueil\",\"item\":\"https:\/\/gymnitours.ca\/en\/\"},{\"@type\":\"ListItem\",\"position\":2,\"name\":\"Legal Information\"}]},{\"@type\":\"WebSite\",\"@id\":\"https:\/\/gymnitours.ca\/en\/#website\",\"url\":\"https:\/\/gymnitours.ca\/en\/\",\"name\":\"Club Gymnitours\",\"description\":\"\",\"publisher\":{\"@id\":\"https:\/\/gymnitours.ca\/en\/#organization\"},\"potentialAction\":[{\"@type\":\"SearchAction\",\"target\":{\"@type\":\"EntryPoint\",\"urlTemplate\":\"https:\/\/gymnitours.ca\/en\/?s={search_term_string}\"},\"query-input\":{\"@type\":\"PropertyValueSpecification\",\"valueRequired\":true,\"valueName\":\"search_term_string\"}}],\"inLanguage\":\"en-US\"},{\"@type\":\"Organization\",\"@id\":\"https:\/\/gymnitours.ca\/en\/#organization\",\"name\":\"Club Gymnitours\",\"url\":\"https:\/\/gymnitours.ca\/en\/\",\"logo\":{\"@type\":\"ImageObject\",\"inLanguage\":\"en-US\",\"@id\":\"https:\/\/gymnitours.ca\/en\/#\/schema\/logo\/image\/\",\"url\":\"https:\/\/gymnitours.ca\/wp-content\/uploads\/2024\/12\/logo-3.jpg\",\"contentUrl\":\"https:\/\/gymnitours.ca\/wp-content\/uploads\/2024\/12\/logo-3.jpg\",\"width\":228,\"height\":65,\"caption\":\"Club Gymnitours\"},\"image\":{\"@id\":\"https:\/\/gymnitours.ca\/en\/#\/schema\/logo\/image\/\"},\"sameAs\":[\"https:\/\/www.facebook.com\/people\/Gymnitours-de-Lachine\/100063534614742\/\",\"https:\/\/www.instagram.com\/clubgymnitoursdelachine\/\"]}]}<\/script>\n<!-- \/ Yoast SEO plugin. -->","yoast_head_json":{"title":"Legal Information - Gymnitours","robots":{"index":"index","follow":"follow","max-snippet":"max-snippet:-1","max-image-preview":"max-image-preview:large","max-video-preview":"max-video-preview:-1"},"canonical":"https:\/\/gymnitours.ca\/en\/legal-information\/","og_locale":"en_US","og_type":"article","og_title":"Legal Information - Gymnitours","og_description":"Legal Information Last update : [Date] In accordance with the provisions of articles 6-III and 19 of the French Law no. 2004-575 of June 21, 2004 for Confidence in the Digital Economy (LCEN), we provide users with legal information relating to our site and our services. 1. Site editor Site name: Club GymnitoursPublication manager: [Nom [&hellip;]","og_url":"https:\/\/gymnitours.ca\/en\/legal-information\/","og_site_name":"Gymnitours","article_publisher":"https:\/\/www.facebook.com\/people\/Gymnitours-de-Lachine\/100063534614742\/","article_modified_time":"2024-11-27T17:24:27+00:00","twitter_card":"summary_large_image","twitter_misc":{"Est. reading time":"1 minute"},"schema":{"@context":"https:\/\/schema.org","@graph":[{"@type":"WebPage","@id":"https:\/\/gymnitours.ca\/en\/legal-information\/","url":"https:\/\/gymnitours.ca\/en\/legal-information\/","name":"Legal Information - Gymnitours","isPartOf":{"@id":"https:\/\/gymnitours.ca\/en\/#website"},"datePublished":"2024-11-27T17:19:47+00:00","dateModified":"2024-11-27T17:24:27+00:00","breadcrumb":{"@id":"https:\/\/gymnitours.ca\/en\/legal-information\/#breadcrumb"},"inLanguage":"en-US","potentialAction":[{"@type":"ReadAction","target":["https:\/\/gymnitours.ca\/en\/legal-information\/"]}]},{"@type":"BreadcrumbList","@id":"https:\/\/gymnitours.ca\/en\/legal-information\/#breadcrumb","itemListElement":[{"@type":"ListItem","position":1,"name":"Accueil","item":"https:\/\/gymnitours.ca\/en\/"},{"@type":"ListItem","position":2,"name":"Legal Information"}]},{"@type":"WebSite","@id":"https:\/\/gymnitours.ca\/en\/#website","url":"https:\/\/gymnitours.ca\/en\/","name":"Club Gymnitours","description":"","publisher":{"@id":"https:\/\/gymnitours.ca\/en\/#organization"},"potentialAction":[{"@type":"SearchAction","target":{"@type":"EntryPoint","urlTemplate":"https:\/\/gymnitours.ca\/en\/?s={search_term_string}"},"query-input":{"@type":"PropertyValueSpecification","valueRequired":true,"valueName":"search_term_string"}}],"inLanguage":"en-US"},{"@type":"Organization","@id":"https:\/\/gymnitours.ca\/en\/#organization","name":"Club Gymnitours","url":"https:\/\/gymnitours.ca\/en\/","logo":{"@type":"ImageObject","inLanguage":"en-US","@id":"https:\/\/gymnitours.ca\/en\/#\/schema\/logo\/image\/","url":"https:\/\/gymnitours.ca\/wp-content\/uploads\/2024\/12\/logo-3.jpg","contentUrl":"https:\/\/gymnitours.ca\/wp-content\/uploads\/2024\/12\/logo-3.jpg","width":228,"height":65,"caption":"Club Gymnitours"},"image":{"@id":"https:\/\/gymnitours.ca\/en\/#\/schema\/logo\/image\/"},"sameAs":["https:\/\/www.facebook.com\/people\/Gymnitours-de-Lachine\/100063534614742\/","https:\/\/www.instagram.com\/clubgymnitoursdelachine\/"]}]}},"_links":{"self":[{"href":"https:\/\/gymnitours.ca\/en\/wp-json\/wp\/v2\/pages\/2476","targetHints":{"allow":["GET"]}}],"collection":[{"href":"https:\/\/gymnitours.ca\/en\/wp-json\/wp\/v2\/pages"}],"about":[{"href":"https:\/\/gymnitours.ca\/en\/wp-json\/wp\/v2\/types\/page"}],"author":[{"embeddable":true,"href":"https:\/\/gymnitours.ca\/en\/wp-json\/wp\/v2\/users\/1"}],"replies":[{"embeddable":true,"href":"https:\/\/gymnitours.ca\/en\/wp-json\/wp\/v2\/comments?post=2476"}],"version-history":[{"count":2,"href":"https:\/\/gymnitours.ca\/en\/wp-json\/wp\/v2\/pages\/2476\/revisions"}],"predecessor-version":[{"id":2484,"href":"https:\/\/gymnitours.ca\/en\/wp-json\/wp\/v2\/pages\/2476\/revisions\/2484"}],"wp:attachment":[{"href":"https:\/\/gymnitours.ca\/en\/wp-json\/wp\/v2\/media?parent=2476"}],"curies":[{"name":"wp","href":"https:\/\/api.w.org\/{rel}","templated":true}]}}