{"id":869,"date":"2024-06-12T15:49:20","date_gmt":"2024-06-12T15:49:20","guid":{"rendered":"http:\/\/gymnitours.ca\/competitive\/provincial-program\/"},"modified":"2024-11-21T19:06:30","modified_gmt":"2024-11-21T19:06:30","slug":"provincial-program","status":"publish","type":"page","link":"https:\/\/gymnitours.ca\/en\/competitive\/provincial-program\/","title":{"rendered":"Provincial program"},"content":{"rendered":"\t\t<div data-elementor-type=\"wp-page\" data-elementor-id=\"869\" class=\"elementor elementor-869 elementor-684\" data-elementor-post-type=\"page\">\n\t\t\t\t<div class=\"elementor-element elementor-element-025146a e-con-full e-flex e-con e-parent\" data-id=\"025146a\" data-element_type=\"container\" data-settings=\"{&quot;background_background&quot;:&quot;classic&quot;}\">\n\t\t<div class=\"elementor-element elementor-element-43995cd e-flex e-con-boxed e-con e-child\" data-id=\"43995cd\" data-element_type=\"container\">\n\t\t\t\t\t<div class=\"e-con-inner\">\n\t\t<div class=\"elementor-element elementor-element-0520128 e-con-full e-flex e-con e-child\" data-id=\"0520128\" data-element_type=\"container\">\n\t\t\t\t<div class=\"elementor-element elementor-element-d728e52 elementor-widget__width-inherit elementor-widget elementor-widget-heading\" data-id=\"d728e52\" data-element_type=\"widget\" data-widget_type=\"heading.default\">\n\t\t\t\t<div class=\"elementor-widget-container\">\n\t\t\t<h1 class=\"elementor-heading-title elementor-size-default\">Provincial Program  <br><\/h1>\t\t<\/div>\n\t\t\t\t<\/div>\n\t\t\t\t<div class=\"elementor-element elementor-element-b6f644c elementor-widget__width-initial elementor-widget elementor-widget-text-editor\" data-id=\"b6f644c\" data-element_type=\"widget\" data-widget_type=\"text-editor.default\">\n\t\t\t\t<div class=\"elementor-widget-container\">\n\t\t\t\t\t\t\t<p><span style=\"color: #ff793f;\"><strong>The&nbsp; provincial program is designed for gymnasts who want to reach their full potential.<\/strong><\/span><\/p>\n<div class=\"flex-1 overflow-hidden\">\n<div class=\"h-full\">\n<div class=\"react-scroll-to-bottom--css-qvbhp-79elbk h-full\">\n<div class=\"react-scroll-to-bottom--css-qvbhp-1n7m0yu\">\n<div class=\"flex flex-col text-sm md:pb-9\">\n<article class=\"w-full text-token-text-primary focus-visible:outline-2 focus-visible:outline-offset-[-4px]\" dir=\"auto\" data-testid=\"conversation-turn-11\" data-scroll-anchor=\"true\">\n<div class=\"m-auto text-base py-[18px] px-3 md:px-4 w-full md:px-5 lg:px-4 xl:px-5\">\n<div class=\"mx-auto flex flex-1 gap-4 text-base md:gap-5 lg:gap-6 md:max-w-3xl lg:max-w-[40rem] xl:max-w-[48rem]\">\n<div class=\"group\/conversation-turn relative flex w-full min-w-0 flex-col agent-turn\">\n<div class=\"flex-col gap-1 md:gap-3\">\n<div class=\"flex max-w-full flex-col flex-grow\">\n<div class=\"min-h-8 text-message flex w-full flex-col items-end gap-2 whitespace-normal break-words [.text-message+&amp;]:mt-5\" dir=\"auto\" data-message-author-role=\"assistant\" data-message-id=\"10f5dc1f-3b02-4b6c-931f-c22d19ae84b5\" data-message-model-slug=\"gpt-4o\">\n<div class=\"flex w-full flex-col gap-1 empty:hidden first:pt-[3px]\">\n<div class=\"markdown prose w-full break-words dark:prose-invert light\">\n<p>The current provincial program is based on the U.S. program, with a few modifications to suit Quebec&#8217;s reality. It&#8217;s designed for athletes who strive for excellence and want to reach higher levels in their gymnastics journey. Selected for their talent and determination, these gymnasts train up to 16 hours a week to perfect their skills and prepare for competitions.<\/p>\n<p>They take part in two selection competitions, with the aim of qualifying for prestigious events such as the Coupe du Qu\u00e9bec or the Championnats Qu\u00e9b\u00e9cois. The program offers a demanding and inspiring environment, where every athlete is encouraged to push their limits and realize their full potential.<\/p>\n<p>The provincial program includes training on the following four apparatus: Vault, Bars, Beam and Floor.<\/p>\n<p><\/p>\n<p>This provincial program offers structured and rigorous coaching, fostering the overall development of each athlete while inspiring them to give their best.&nbsp;<\/p>\n<\/div>\n<\/div>\n<\/div>\n<\/div>\n<\/div>\n<\/div>\n<\/div>\n<\/div>\n<\/article>\n<\/div>\n<\/div>\n<\/div>\n<\/div>\n<\/div>\n<div class=\"md:pt-0 dark:border-white\/20 md:border-transparent md:dark:border-transparent w-full\">\n<div class=\"m-auto text-base px-3 md:px-4 w-full md:px-5 lg:px-4 xl:px-5\">\n<div class=\"mx-auto flex flex-1 gap-4 text-base md:gap-5 lg:gap-6 md:max-w-3xl lg:max-w-[40rem] xl:max-w-[48rem]\">\n<form class=\"w-full\" aria-haspopup=\"dialog\" aria-expanded=\"false\" aria-controls=\"radix-:r9r:\" data-state=\"closed\">\n<div class=\"relative flex h-full max-w-full flex-1 flex-col\">\n<div class=\"group relative flex w-full items-center\">\n<div class=\"flex w-full flex-col transition-colors contain-inline-size gap-1.5 rounded-[26px] p-1.5 bg-[#f4f4f4] dark:bg-token-main-surface-secondary\">\n<div class=\"flex items-end gap-1.5 pl-4 md:gap-2\">\n<div class=\"flex min-w-0 flex-1 flex-col\">\n<div class=\"_prosemirror-parent_15ceg_1 text-token-text-primary max-h-[25dvh] max-h-52 overflow-auto default-browser\">&nbsp;<\/div>\n<\/div>\n<\/div>\n<\/div>\n<\/div>\n<\/div>\n<\/form>\n<\/div>\n<\/div>\n<\/div>\t\t\t\t\t\t<\/div>\n\t\t\t\t<\/div>\n\t\t\t\t<\/div>\n\t\t<div class=\"elementor-element elementor-element-82e841c e-con-full e-flex e-con e-child\" data-id=\"82e841c\" data-element_type=\"container\">\n\t\t\t\t<div class=\"elementor-element elementor-element-e2be55a elementor-widget elementor-widget-image\" data-id=\"e2be55a\" data-element_type=\"widget\" data-widget_type=\"image.default\">\n\t\t\t\t<div class=\"elementor-widget-container\">\n\t\t\t\t\t\t\t\t\t\t\t\t\t<img fetchpriority=\"high\" decoding=\"async\" width=\"421\" height=\"284\" src=\"data:image\/gif;base64,R0lGODlhAQABAIAAAAAAAP\/\/\/yH5BAEAAAAALAAAAAABAAEAAAIBRAA7\" data-src=\"https:\/\/gymnitours.ca\/wp-content\/uploads\/2024\/06\/Group-427318369-1.png\" class=\"attachment-full size-full wp-image-851 lazyload\" alt=\"\" data-srcset=\"https:\/\/gymnitours.ca\/wp-content\/uploads\/2024\/06\/Group-427318369-1.png 421w, https:\/\/gymnitours.ca\/wp-content\/uploads\/2024\/06\/Group-427318369-1-300x202.png 300w\" sizes=\"(max-width: 421px) 100vw, 421px\" \/><noscript><img decoding=\"async\" width=\"421\" height=\"284\" src=\"https:\/\/gymnitours.ca\/wp-content\/uploads\/2024\/06\/Group-427318369-1.png\" class=\"attachment-full size-full wp-image-851 lazyload\" alt=\"\" srcset=\"https:\/\/gymnitours.ca\/wp-content\/uploads\/2024\/06\/Group-427318369-1.png 421w, https:\/\/gymnitours.ca\/wp-content\/uploads\/2024\/06\/Group-427318369-1-300x202.png 300w\" sizes=\"(max-width: 421px) 100vw, 421px\" \/><\/noscript>\t\t\t\t\t\t\t\t\t\t\t\t\t<\/div>\n\t\t\t\t<\/div>\n\t\t\t\t<\/div>\n\t\t\t\t\t<\/div>\n\t\t\t\t<\/div>\n\t\t\t\t<\/div>\n\t\t<div class=\"elementor-element elementor-element-f8fd99e e-con-full e-flex e-con e-parent\" data-id=\"f8fd99e\" data-element_type=\"container\" data-settings=\"{&quot;background_background&quot;:&quot;classic&quot;}\">\n\t\t\t\t<\/div>\n\t\t<div class=\"elementor-element elementor-element-4e920fb e-flex e-con-boxed e-con e-parent\" data-id=\"4e920fb\" data-element_type=\"container\" data-settings=\"{&quot;background_background&quot;:&quot;classic&quot;}\">\n\t\t\t\t\t<div class=\"e-con-inner\">\n\t\t<div class=\"elementor-element elementor-element-6b17329 e-con-full e-flex e-con e-child\" data-id=\"6b17329\" data-element_type=\"container\">\n\t\t\t\t<div class=\"elementor-element elementor-element-236dc60 elementor-widget elementor-widget-image\" data-id=\"236dc60\" data-element_type=\"widget\" data-widget_type=\"image.default\">\n\t\t\t\t<div class=\"elementor-widget-container\">\n\t\t\t\t\t\t\t\t\t\t\t\t\t<img decoding=\"async\" width=\"294\" height=\"262\" src=\"data:image\/gif;base64,R0lGODlhAQABAIAAAAAAAP\/\/\/yH5BAEAAAAALAAAAAABAAEAAAIBRAA7\" data-src=\"https:\/\/gymnitours.ca\/wp-content\/uploads\/2024\/06\/PHOTO-45.png\" class=\"attachment-full size-full wp-image-843 lazyload\" alt=\"\" \/><noscript><img loading=\"lazy\" decoding=\"async\" width=\"294\" height=\"262\" src=\"https:\/\/gymnitours.ca\/wp-content\/uploads\/2024\/06\/PHOTO-45.png\" class=\"attachment-full size-full wp-image-843 lazyload\" alt=\"\" \/><\/noscript>\t\t\t\t\t\t\t\t\t\t\t\t\t<\/div>\n\t\t\t\t<\/div>\n\t\t\t\t<\/div>\n\t\t<div class=\"elementor-element elementor-element-141394f e-con-full e-flex e-con e-child\" data-id=\"141394f\" data-element_type=\"container\">\n\t\t<div class=\"elementor-element elementor-element-a9ad15e e-flex e-con-boxed e-con e-child\" data-id=\"a9ad15e\" data-element_type=\"container\">\n\t\t\t\t\t<div class=\"e-con-inner\">\n\t\t\t\t<div class=\"elementor-element elementor-element-232f4d3 elementor-widget-tablet_extra__width-initial elementor-widget elementor-widget-image\" data-id=\"232f4d3\" data-element_type=\"widget\" data-widget_type=\"image.default\">\n\t\t\t\t<div class=\"elementor-widget-container\">\n\t\t\t\t\t\t\t\t\t\t\t\t\t<img loading=\"lazy\" decoding=\"async\" width=\"2560\" height=\"1707\" src=\"data:image\/gif;base64,R0lGODlhAQABAIAAAAAAAP\/\/\/yH5BAEAAAAALAAAAAABAAEAAAIBRAA7\" data-src=\"https:\/\/gymnitours.ca\/wp-content\/uploads\/2024\/11\/AdobeStock_150148239-scaled.jpeg\" class=\"attachment-full size-full wp-image-2066 lazyload\" alt=\"\" data-srcset=\"https:\/\/gymnitours.ca\/wp-content\/uploads\/2024\/11\/AdobeStock_150148239-scaled.jpeg 2560w, https:\/\/gymnitours.ca\/wp-content\/uploads\/2024\/11\/AdobeStock_150148239-300x200.jpeg 300w, https:\/\/gymnitours.ca\/wp-content\/uploads\/2024\/11\/AdobeStock_150148239-1024x683.jpeg 1024w, https:\/\/gymnitours.ca\/wp-content\/uploads\/2024\/11\/AdobeStock_150148239-768x512.jpeg 768w, https:\/\/gymnitours.ca\/wp-content\/uploads\/2024\/11\/AdobeStock_150148239-1536x1024.jpeg 1536w, https:\/\/gymnitours.ca\/wp-content\/uploads\/2024\/11\/AdobeStock_150148239-2048x1365.jpeg 2048w\" sizes=\"(max-width: 2560px) 100vw, 2560px\" \/><noscript><img loading=\"lazy\" decoding=\"async\" width=\"2560\" height=\"1707\" src=\"https:\/\/gymnitours.ca\/wp-content\/uploads\/2024\/11\/AdobeStock_150148239-scaled.jpeg\" class=\"attachment-full size-full wp-image-2066 lazyload\" alt=\"\" srcset=\"https:\/\/gymnitours.ca\/wp-content\/uploads\/2024\/11\/AdobeStock_150148239-scaled.jpeg 2560w, https:\/\/gymnitours.ca\/wp-content\/uploads\/2024\/11\/AdobeStock_150148239-300x200.jpeg 300w, https:\/\/gymnitours.ca\/wp-content\/uploads\/2024\/11\/AdobeStock_150148239-1024x683.jpeg 1024w, https:\/\/gymnitours.ca\/wp-content\/uploads\/2024\/11\/AdobeStock_150148239-768x512.jpeg 768w, https:\/\/gymnitours.ca\/wp-content\/uploads\/2024\/11\/AdobeStock_150148239-1536x1024.jpeg 1536w, https:\/\/gymnitours.ca\/wp-content\/uploads\/2024\/11\/AdobeStock_150148239-2048x1365.jpeg 2048w\" sizes=\"(max-width: 2560px) 100vw, 2560px\" \/><\/noscript>\t\t\t\t\t\t\t\t\t\t\t\t\t<\/div>\n\t\t\t\t<\/div>\n\t\t\t\t\t<\/div>\n\t\t\t\t<\/div>\n\t\t<div class=\"elementor-element elementor-element-4872c3d e-flex e-con-boxed e-con e-child\" data-id=\"4872c3d\" data-element_type=\"container\">\n\t\t\t\t\t<div class=\"e-con-inner\">\n\t\t\t\t<div class=\"elementor-element elementor-element-3d86f1e elementor-widget-tablet_extra__width-initial elementor-widget elementor-widget-image\" data-id=\"3d86f1e\" data-element_type=\"widget\" data-widget_type=\"image.default\">\n\t\t\t\t<div class=\"elementor-widget-container\">\n\t\t\t\t\t\t\t\t\t\t\t\t\t<img loading=\"lazy\" decoding=\"async\" width=\"589\" height=\"333\" src=\"data:image\/gif;base64,R0lGODlhAQABAIAAAAAAAP\/\/\/yH5BAEAAAAALAAAAAABAAEAAAIBRAA7\" data-src=\"https:\/\/gymnitours.ca\/wp-content\/uploads\/2024\/06\/PHOTO-43.png\" class=\"attachment-full size-full wp-image-842 lazyload\" alt=\"\" data-srcset=\"https:\/\/gymnitours.ca\/wp-content\/uploads\/2024\/06\/PHOTO-43.png 589w, https:\/\/gymnitours.ca\/wp-content\/uploads\/2024\/06\/PHOTO-43-300x170.png 300w\" sizes=\"(max-width: 589px) 100vw, 589px\" \/><noscript><img loading=\"lazy\" decoding=\"async\" width=\"589\" height=\"333\" src=\"https:\/\/gymnitours.ca\/wp-content\/uploads\/2024\/06\/PHOTO-43.png\" class=\"attachment-full size-full wp-image-842 lazyload\" alt=\"\" srcset=\"https:\/\/gymnitours.ca\/wp-content\/uploads\/2024\/06\/PHOTO-43.png 589w, https:\/\/gymnitours.ca\/wp-content\/uploads\/2024\/06\/PHOTO-43-300x170.png 300w\" sizes=\"(max-width: 589px) 100vw, 589px\" \/><\/noscript>\t\t\t\t\t\t\t\t\t\t\t\t\t<\/div>\n\t\t\t\t<\/div>\n\t\t\t\t\t<\/div>\n\t\t\t\t<\/div>\n\t\t\t\t<\/div>\n\t\t<div class=\"elementor-element elementor-element-0326192 e-con-full e-flex e-con e-child\" data-id=\"0326192\" data-element_type=\"container\">\n\t\t\t\t<div class=\"elementor-element elementor-element-fd55a6a elementor-widget-mobile_extra__width-initial elementor-widget elementor-widget-image\" data-id=\"fd55a6a\" data-element_type=\"widget\" data-widget_type=\"image.default\">\n\t\t\t\t<div class=\"elementor-widget-container\">\n\t\t\t\t\t\t\t\t\t\t\t\t\t<img loading=\"lazy\" decoding=\"async\" width=\"303\" height=\"303\" src=\"data:image\/gif;base64,R0lGODlhAQABAIAAAAAAAP\/\/\/yH5BAEAAAAALAAAAAABAAEAAAIBRAA7\" data-src=\"https:\/\/gymnitours.ca\/wp-content\/uploads\/2024\/06\/Group-427318366-1.png\" class=\"attachment-full size-full wp-image-847 lazyload\" alt=\"\" data-srcset=\"https:\/\/gymnitours.ca\/wp-content\/uploads\/2024\/06\/Group-427318366-1.png 303w, https:\/\/gymnitours.ca\/wp-content\/uploads\/2024\/06\/Group-427318366-1-300x300.png 300w, https:\/\/gymnitours.ca\/wp-content\/uploads\/2024\/06\/Group-427318366-1-150x150.png 150w\" sizes=\"(max-width: 303px) 100vw, 303px\" \/><noscript><img loading=\"lazy\" decoding=\"async\" width=\"303\" height=\"303\" src=\"https:\/\/gymnitours.ca\/wp-content\/uploads\/2024\/06\/Group-427318366-1.png\" class=\"attachment-full size-full wp-image-847 lazyload\" alt=\"\" srcset=\"https:\/\/gymnitours.ca\/wp-content\/uploads\/2024\/06\/Group-427318366-1.png 303w, https:\/\/gymnitours.ca\/wp-content\/uploads\/2024\/06\/Group-427318366-1-300x300.png 300w, https:\/\/gymnitours.ca\/wp-content\/uploads\/2024\/06\/Group-427318366-1-150x150.png 150w\" sizes=\"(max-width: 303px) 100vw, 303px\" \/><\/noscript>\t\t\t\t\t\t\t\t\t\t\t\t\t<\/div>\n\t\t\t\t<\/div>\n\t\t\t\t<div class=\"elementor-element elementor-element-ab79adb elementor-widget-tablet_extra__width-initial elementor-widget elementor-widget-image\" data-id=\"ab79adb\" data-element_type=\"widget\" data-widget_type=\"image.default\">\n\t\t\t\t<div class=\"elementor-widget-container\">\n\t\t\t\t\t\t\t\t\t\t\t\t\t<img loading=\"lazy\" decoding=\"async\" width=\"294\" height=\"266\" src=\"data:image\/gif;base64,R0lGODlhAQABAIAAAAAAAP\/\/\/yH5BAEAAAAALAAAAAABAAEAAAIBRAA7\" data-src=\"https:\/\/gymnitours.ca\/wp-content\/uploads\/2024\/06\/PHOTO-33.png\" class=\"attachment-full size-full wp-image-828 lazyload\" alt=\"\" \/><noscript><img loading=\"lazy\" decoding=\"async\" width=\"294\" height=\"266\" src=\"https:\/\/gymnitours.ca\/wp-content\/uploads\/2024\/06\/PHOTO-33.png\" class=\"attachment-full size-full wp-image-828 lazyload\" alt=\"\" \/><\/noscript>\t\t\t\t\t\t\t\t\t\t\t\t\t<\/div>\n\t\t\t\t<\/div>\n\t\t\t\t<\/div>\n\t\t\t\t\t<\/div>\n\t\t\t\t<\/div>\n\t\t<div class=\"elementor-element elementor-element-3dc83b5 e-con-full e-flex e-con e-parent\" data-id=\"3dc83b5\" data-element_type=\"container\" data-settings=\"{&quot;background_background&quot;:&quot;classic&quot;}\">\n\t\t\t\t<\/div>\n\t\t<div class=\"elementor-element elementor-element-1aa49fb e-flex e-con-boxed e-con e-parent\" data-id=\"1aa49fb\" data-element_type=\"container\" data-settings=\"{&quot;background_background&quot;:&quot;classic&quot;}\">\n\t\t\t\t\t<div class=\"e-con-inner\">\n\t\t<div class=\"elementor-element elementor-element-60eab13 e-con-full e-flex e-con e-child\" data-id=\"60eab13\" data-element_type=\"container\">\n\t\t\t\t<\/div>\n\t\t\t\t\t<\/div>\n\t\t\t\t<\/div>\n\t\t<div class=\"elementor-element elementor-element-70bc7e3 e-con-full e-flex e-con e-parent\" data-id=\"70bc7e3\" data-element_type=\"container\" data-settings=\"{&quot;background_background&quot;:&quot;classic&quot;}\">\n\t\t\t\t<\/div>\n\t\t\t\t<\/div>\n\t\t","protected":false},"excerpt":{"rendered":"<p>Provincial Program The&nbsp; provincial program is designed for gymnasts who want to reach their full potential. The current provincial program is based on the U.S. program, with a few modifications to suit Quebec&#8217;s reality. It&#8217;s designed for athletes who strive for excellence and want to reach higher levels in their gymnastics journey. Selected for their [&hellip;]<\/p>\n","protected":false},"author":1,"featured_media":0,"parent":864,"menu_order":0,"comment_status":"closed","ping_status":"closed","template":"","meta":{"footnotes":""},"class_list":["post-869","page","type-page","status-publish","hentry"],"yoast_head":"<!-- This site is optimized with the Yoast SEO plugin v23.9 - https:\/\/yoast.com\/wordpress\/plugins\/seo\/ -->\n<title>Provincial program - Gymnitours<\/title>\n<meta name=\"robots\" content=\"index, follow, max-snippet:-1, max-image-preview:large, max-video-preview:-1\" \/>\n<link rel=\"canonical\" href=\"https:\/\/gymnitours.ca\/en\/competitive\/provincial-program\/\" \/>\n<meta property=\"og:locale\" content=\"en_US\" \/>\n<meta property=\"og:type\" content=\"article\" \/>\n<meta property=\"og:title\" content=\"Provincial program - Gymnitours\" \/>\n<meta property=\"og:description\" content=\"Provincial Program The&nbsp; provincial program is designed for gymnasts who want to reach their full potential. The current provincial program is based on the U.S. program, with a few modifications to suit Quebec&#8217;s reality. It&#8217;s designed for athletes who strive for excellence and want to reach higher levels in their gymnastics journey. Selected for their [&hellip;]\" \/>\n<meta property=\"og:url\" content=\"https:\/\/gymnitours.ca\/en\/competitive\/provincial-program\/\" \/>\n<meta property=\"og:site_name\" content=\"Gymnitours\" \/>\n<meta property=\"article:publisher\" content=\"https:\/\/www.facebook.com\/people\/Gymnitours-de-Lachine\/100063534614742\/\" \/>\n<meta property=\"article:modified_time\" content=\"2024-11-21T19:06:30+00:00\" \/>\n<meta property=\"og:image\" content=\"http:\/\/gymnitours.ca\/wp-content\/uploads\/2024\/06\/Group-427318369-1.png\" \/>\n<meta name=\"twitter:card\" content=\"summary_large_image\" \/>\n<meta name=\"twitter:label1\" content=\"Est. reading time\" \/>\n\t<meta name=\"twitter:data1\" content=\"1 minute\" \/>\n<script type=\"application\/ld+json\" class=\"yoast-schema-graph\">{\"@context\":\"https:\/\/schema.org\",\"@graph\":[{\"@type\":\"WebPage\",\"@id\":\"https:\/\/gymnitours.ca\/en\/competitive\/provincial-program\/\",\"url\":\"https:\/\/gymnitours.ca\/en\/competitive\/provincial-program\/\",\"name\":\"Provincial program - Gymnitours\",\"isPartOf\":{\"@id\":\"https:\/\/gymnitours.ca\/en\/#website\"},\"primaryImageOfPage\":{\"@id\":\"https:\/\/gymnitours.ca\/en\/competitive\/provincial-program\/#primaryimage\"},\"image\":{\"@id\":\"https:\/\/gymnitours.ca\/en\/competitive\/provincial-program\/#primaryimage\"},\"thumbnailUrl\":\"http:\/\/gymnitours.ca\/wp-content\/uploads\/2024\/06\/Group-427318369-1.png\",\"datePublished\":\"2024-06-12T15:49:20+00:00\",\"dateModified\":\"2024-11-21T19:06:30+00:00\",\"breadcrumb\":{\"@id\":\"https:\/\/gymnitours.ca\/en\/competitive\/provincial-program\/#breadcrumb\"},\"inLanguage\":\"en-US\",\"potentialAction\":[{\"@type\":\"ReadAction\",\"target\":[\"https:\/\/gymnitours.ca\/en\/competitive\/provincial-program\/\"]}]},{\"@type\":\"ImageObject\",\"inLanguage\":\"en-US\",\"@id\":\"https:\/\/gymnitours.ca\/en\/competitive\/provincial-program\/#primaryimage\",\"url\":\"http:\/\/gymnitours.ca\/wp-content\/uploads\/2024\/06\/Group-427318369-1.png\",\"contentUrl\":\"http:\/\/gymnitours.ca\/wp-content\/uploads\/2024\/06\/Group-427318369-1.png\"},{\"@type\":\"BreadcrumbList\",\"@id\":\"https:\/\/gymnitours.ca\/en\/competitive\/provincial-program\/#breadcrumb\",\"itemListElement\":[{\"@type\":\"ListItem\",\"position\":1,\"name\":\"Accueil\",\"item\":\"https:\/\/gymnitours.ca\/en\/\"},{\"@type\":\"ListItem\",\"position\":2,\"name\":\"Competitive\",\"item\":\"https:\/\/gymnitours.ca\/en\/competitive\/\"},{\"@type\":\"ListItem\",\"position\":3,\"name\":\"Provincial program\"}]},{\"@type\":\"WebSite\",\"@id\":\"https:\/\/gymnitours.ca\/en\/#website\",\"url\":\"https:\/\/gymnitours.ca\/en\/\",\"name\":\"Club Gymnitours\",\"description\":\"\",\"publisher\":{\"@id\":\"https:\/\/gymnitours.ca\/en\/#organization\"},\"potentialAction\":[{\"@type\":\"SearchAction\",\"target\":{\"@type\":\"EntryPoint\",\"urlTemplate\":\"https:\/\/gymnitours.ca\/en\/?s={search_term_string}\"},\"query-input\":{\"@type\":\"PropertyValueSpecification\",\"valueRequired\":true,\"valueName\":\"search_term_string\"}}],\"inLanguage\":\"en-US\"},{\"@type\":\"Organization\",\"@id\":\"https:\/\/gymnitours.ca\/en\/#organization\",\"name\":\"Club Gymnitours\",\"url\":\"https:\/\/gymnitours.ca\/en\/\",\"logo\":{\"@type\":\"ImageObject\",\"inLanguage\":\"en-US\",\"@id\":\"https:\/\/gymnitours.ca\/en\/#\/schema\/logo\/image\/\",\"url\":\"https:\/\/gymnitours.ca\/wp-content\/uploads\/2024\/12\/logo-3.jpg\",\"contentUrl\":\"https:\/\/gymnitours.ca\/wp-content\/uploads\/2024\/12\/logo-3.jpg\",\"width\":228,\"height\":65,\"caption\":\"Club Gymnitours\"},\"image\":{\"@id\":\"https:\/\/gymnitours.ca\/en\/#\/schema\/logo\/image\/\"},\"sameAs\":[\"https:\/\/www.facebook.com\/people\/Gymnitours-de-Lachine\/100063534614742\/\",\"https:\/\/www.instagram.com\/clubgymnitoursdelachine\/\"]}]}<\/script>\n<!-- \/ Yoast SEO plugin. -->","yoast_head_json":{"title":"Provincial program - Gymnitours","robots":{"index":"index","follow":"follow","max-snippet":"max-snippet:-1","max-image-preview":"max-image-preview:large","max-video-preview":"max-video-preview:-1"},"canonical":"https:\/\/gymnitours.ca\/en\/competitive\/provincial-program\/","og_locale":"en_US","og_type":"article","og_title":"Provincial program - Gymnitours","og_description":"Provincial Program The&nbsp; provincial program is designed for gymnasts who want to reach their full potential. The current provincial program is based on the U.S. program, with a few modifications to suit Quebec&#8217;s reality. It&#8217;s designed for athletes who strive for excellence and want to reach higher levels in their gymnastics journey. Selected for their [&hellip;]","og_url":"https:\/\/gymnitours.ca\/en\/competitive\/provincial-program\/","og_site_name":"Gymnitours","article_publisher":"https:\/\/www.facebook.com\/people\/Gymnitours-de-Lachine\/100063534614742\/","article_modified_time":"2024-11-21T19:06:30+00:00","og_image":[{"url":"http:\/\/gymnitours.ca\/wp-content\/uploads\/2024\/06\/Group-427318369-1.png"}],"twitter_card":"summary_large_image","twitter_misc":{"Est. reading time":"1 minute"},"schema":{"@context":"https:\/\/schema.org","@graph":[{"@type":"WebPage","@id":"https:\/\/gymnitours.ca\/en\/competitive\/provincial-program\/","url":"https:\/\/gymnitours.ca\/en\/competitive\/provincial-program\/","name":"Provincial program - Gymnitours","isPartOf":{"@id":"https:\/\/gymnitours.ca\/en\/#website"},"primaryImageOfPage":{"@id":"https:\/\/gymnitours.ca\/en\/competitive\/provincial-program\/#primaryimage"},"image":{"@id":"https:\/\/gymnitours.ca\/en\/competitive\/provincial-program\/#primaryimage"},"thumbnailUrl":"http:\/\/gymnitours.ca\/wp-content\/uploads\/2024\/06\/Group-427318369-1.png","datePublished":"2024-06-12T15:49:20+00:00","dateModified":"2024-11-21T19:06:30+00:00","breadcrumb":{"@id":"https:\/\/gymnitours.ca\/en\/competitive\/provincial-program\/#breadcrumb"},"inLanguage":"en-US","potentialAction":[{"@type":"ReadAction","target":["https:\/\/gymnitours.ca\/en\/competitive\/provincial-program\/"]}]},{"@type":"ImageObject","inLanguage":"en-US","@id":"https:\/\/gymnitours.ca\/en\/competitive\/provincial-program\/#primaryimage","url":"http:\/\/gymnitours.ca\/wp-content\/uploads\/2024\/06\/Group-427318369-1.png","contentUrl":"http:\/\/gymnitours.ca\/wp-content\/uploads\/2024\/06\/Group-427318369-1.png"},{"@type":"BreadcrumbList","@id":"https:\/\/gymnitours.ca\/en\/competitive\/provincial-program\/#breadcrumb","itemListElement":[{"@type":"ListItem","position":1,"name":"Accueil","item":"https:\/\/gymnitours.ca\/en\/"},{"@type":"ListItem","position":2,"name":"Competitive","item":"https:\/\/gymnitours.ca\/en\/competitive\/"},{"@type":"ListItem","position":3,"name":"Provincial program"}]},{"@type":"WebSite","@id":"https:\/\/gymnitours.ca\/en\/#website","url":"https:\/\/gymnitours.ca\/en\/","name":"Club Gymnitours","description":"","publisher":{"@id":"https:\/\/gymnitours.ca\/en\/#organization"},"potentialAction":[{"@type":"SearchAction","target":{"@type":"EntryPoint","urlTemplate":"https:\/\/gymnitours.ca\/en\/?s={search_term_string}"},"query-input":{"@type":"PropertyValueSpecification","valueRequired":true,"valueName":"search_term_string"}}],"inLanguage":"en-US"},{"@type":"Organization","@id":"https:\/\/gymnitours.ca\/en\/#organization","name":"Club Gymnitours","url":"https:\/\/gymnitours.ca\/en\/","logo":{"@type":"ImageObject","inLanguage":"en-US","@id":"https:\/\/gymnitours.ca\/en\/#\/schema\/logo\/image\/","url":"https:\/\/gymnitours.ca\/wp-content\/uploads\/2024\/12\/logo-3.jpg","contentUrl":"https:\/\/gymnitours.ca\/wp-content\/uploads\/2024\/12\/logo-3.jpg","width":228,"height":65,"caption":"Club Gymnitours"},"image":{"@id":"https:\/\/gymnitours.ca\/en\/#\/schema\/logo\/image\/"},"sameAs":["https:\/\/www.facebook.com\/people\/Gymnitours-de-Lachine\/100063534614742\/","https:\/\/www.instagram.com\/clubgymnitoursdelachine\/"]}]}},"_links":{"self":[{"href":"https:\/\/gymnitours.ca\/en\/wp-json\/wp\/v2\/pages\/869","targetHints":{"allow":["GET"]}}],"collection":[{"href":"https:\/\/gymnitours.ca\/en\/wp-json\/wp\/v2\/pages"}],"about":[{"href":"https:\/\/gymnitours.ca\/en\/wp-json\/wp\/v2\/types\/page"}],"author":[{"embeddable":true,"href":"https:\/\/gymnitours.ca\/en\/wp-json\/wp\/v2\/users\/1"}],"replies":[{"embeddable":true,"href":"https:\/\/gymnitours.ca\/en\/wp-json\/wp\/v2\/comments?post=869"}],"version-history":[{"count":28,"href":"https:\/\/gymnitours.ca\/en\/wp-json\/wp\/v2\/pages\/869\/revisions"}],"predecessor-version":[{"id":2314,"href":"https:\/\/gymnitours.ca\/en\/wp-json\/wp\/v2\/pages\/869\/revisions\/2314"}],"up":[{"embeddable":true,"href":"https:\/\/gymnitours.ca\/en\/wp-json\/wp\/v2\/pages\/864"}],"wp:attachment":[{"href":"https:\/\/gymnitours.ca\/en\/wp-json\/wp\/v2\/media?parent=869"}],"curies":[{"name":"wp","href":"https:\/\/api.w.org\/{rel}","templated":true}]}}