{"id":886,"date":"2024-06-07T14:58:19","date_gmt":"2024-06-07T14:58:19","guid":{"rendered":"http:\/\/gymnitours.ca\/registration\/"},"modified":"2025-08-22T17:37:14","modified_gmt":"2025-08-22T17:37:14","slug":"registration","status":"publish","type":"page","link":"https:\/\/gymnitours.ca\/en\/registration\/","title":{"rendered":"Registration"},"content":{"rendered":"\t\t<div data-elementor-type=\"wp-page\" data-elementor-id=\"886\" class=\"elementor elementor-886 elementor-62\" data-elementor-post-type=\"page\">\n\t\t\t\t<div class=\"elementor-element elementor-element-a0b77af e-flex e-con-boxed e-con e-parent\" data-id=\"a0b77af\" data-element_type=\"container\" data-settings=\"{&quot;background_background&quot;:&quot;classic&quot;}\">\n\t\t\t\t\t<div class=\"e-con-inner\">\n\t\t<div class=\"elementor-element elementor-element-1e06d675 e-con-full e-flex e-con e-child\" data-id=\"1e06d675\" data-element_type=\"container\">\n\t\t<div class=\"elementor-element elementor-element-675c565a e-flex e-con-boxed e-con e-child\" data-id=\"675c565a\" data-element_type=\"container\">\n\t\t\t\t\t<div class=\"e-con-inner\">\n\t\t\t\t<div class=\"elementor-element elementor-element-4ddeb1f4 elementor-widget elementor-widget-heading\" data-id=\"4ddeb1f4\" data-element_type=\"widget\" data-widget_type=\"heading.default\">\n\t\t\t\t<div class=\"elementor-widget-container\">\n\t\t\t<p class=\"elementor-heading-title elementor-size-default\">REGISTRATION<\/p>\t\t<\/div>\n\t\t\t\t<\/div>\n\t\t\t\t<div class=\"elementor-element elementor-element-4f2ba92a elementor-widget elementor-widget-heading\" data-id=\"4f2ba92a\" data-element_type=\"widget\" data-widget_type=\"heading.default\">\n\t\t\t\t<div class=\"elementor-widget-container\">\n\t\t\t<h1 class=\"elementor-heading-title elementor-size-default\">Club Gymnitours<\/h1>\t\t<\/div>\n\t\t\t\t<\/div>\n\t\t\t\t<div class=\"elementor-element elementor-element-7b584ea elementor-widget__width-inherit elementor-widget-laptop__width-initial elementor-widget-mobile__width-initial elementor-widget elementor-widget-text-editor\" data-id=\"7b584ea\" data-element_type=\"widget\" data-widget_type=\"text-editor.default\">\n\t\t\t\t<div class=\"elementor-widget-container\">\n\t\t\t\t\t\t\t<p><span style=\"text-align: var(--text-align);\">Registrations will go live on August 25th, 2025, 12pm.&nbsp;<\/span><\/p>\n<p>First come, first served!<\/p>\n<p>We accept Visa, Mastercard, cheques and cash.<\/p>\n<p>Cancellation and refund policy:<br>Refunds are available if requested BEFORE the 2nd course. A fee of 25% of the amount paid will be charged. No refund will be given to anyone who withdraws from a course after this time. Failure to attend a class does not constitute a request for refund or notice of withdrawal.<\/p>\n<p>Refund within 30 days of request.<\/p>\n<p>Compulsory membership fees, collected by the F\u00e9d\u00e9ration de gymnastique du Qu\u00e9bec, and non-resident fees are non-refundable.<\/p>\n<p>Best regards,<\/p>\n<p>The Gymnitours team<\/p>\t\t\t\t\t\t<\/div>\n\t\t\t\t<\/div>\n\t\t\t\t\t<\/div>\n\t\t\t\t<\/div>\n\t\t<div class=\"elementor-element elementor-element-7350f90d e-con-full e-flex e-con e-child\" data-id=\"7350f90d\" data-element_type=\"container\">\n\t\t\t\t<div class=\"elementor-element elementor-element-666736eb elementor-widget elementor-widget-button\" data-id=\"666736eb\" data-element_type=\"widget\" data-widget_type=\"button.default\">\n\t\t\t\t<div class=\"elementor-widget-container\">\n\t\t\t\t\t\t\t<div class=\"elementor-button-wrapper\">\n\t\t\t\t\t<a class=\"elementor-button elementor-button-link elementor-size-sm elementor-animation-shrink\" href=\"https:\/\/app.amilia.com\/gymnitours\">\n\t\t\t\t\t\t<span class=\"elementor-button-content-wrapper\">\n\t\t\t\t\t\t<span class=\"elementor-button-icon\">\n\t\t\t\t\t\t\t<\/span>\n\t\t\t\t\t\t\t\t\t<span class=\"elementor-button-text\">Registration<\/span>\n\t\t\t\t\t<\/span>\n\t\t\t\t\t<\/a>\n\t\t\t\t<\/div>\n\t\t\t\t\t\t<\/div>\n\t\t\t\t<\/div>\n\t\t\t\t<\/div>\n\t\t\t\t<\/div>\n\t\t\t\t<div class=\"elementor-element elementor-element-9acfcf5 elementor-hidden-widescreen elementor-hidden-desktop elementor-hidden-laptop elementor-hidden-tablet_extra elementor-hidden-tablet elementor-hidden-mobile_extra elementor-widget elementor-widget-image\" data-id=\"9acfcf5\" data-element_type=\"widget\" data-widget_type=\"image.default\">\n\t\t\t\t<div class=\"elementor-widget-container\">\n\t\t\t\t\t\t\t\t\t\t\t\t\t<img fetchpriority=\"high\" decoding=\"async\" width=\"320\" height=\"440\" src=\"data:image\/gif;base64,R0lGODlhAQABAIAAAAAAAP\/\/\/yH5BAEAAAAALAAAAAABAAEAAAIBRAA7\" data-src=\"https:\/\/gymnitours.ca\/wp-content\/uploads\/2024\/11\/PHOTO-1.png\" class=\"attachment-full size-full wp-image-1990 lazyload\" alt=\"\" data-srcset=\"https:\/\/gymnitours.ca\/wp-content\/uploads\/2024\/11\/PHOTO-1.png 320w, https:\/\/gymnitours.ca\/wp-content\/uploads\/2024\/11\/PHOTO-1-218x300.png 218w\" sizes=\"(max-width: 320px) 100vw, 320px\" \/><noscript><img decoding=\"async\" width=\"320\" height=\"440\" src=\"https:\/\/gymnitours.ca\/wp-content\/uploads\/2024\/11\/PHOTO-1.png\" class=\"attachment-full size-full wp-image-1990 lazyload\" alt=\"\" srcset=\"https:\/\/gymnitours.ca\/wp-content\/uploads\/2024\/11\/PHOTO-1.png 320w, https:\/\/gymnitours.ca\/wp-content\/uploads\/2024\/11\/PHOTO-1-218x300.png 218w\" sizes=\"(max-width: 320px) 100vw, 320px\" \/><\/noscript>\t\t\t\t\t\t\t\t\t\t\t\t\t<\/div>\n\t\t\t\t<\/div>\n\t\t\t\t\t<\/div>\n\t\t\t\t<\/div>\n\t\t<div class=\"elementor-element elementor-element-17761bc2 e-con-full e-flex e-con e-parent\" data-id=\"17761bc2\" data-element_type=\"container\" data-settings=\"{&quot;background_background&quot;:&quot;classic&quot;}\">\n\t\t\t\t<\/div>\n\t\t<div class=\"elementor-element elementor-element-2d136fae e-flex e-con-boxed e-con e-parent\" data-id=\"2d136fae\" data-element_type=\"container\" data-settings=\"{&quot;background_background&quot;:&quot;classic&quot;}\">\n\t\t\t\t\t<div class=\"e-con-inner\">\n\t\t<div class=\"elementor-element elementor-element-40917dce e-con-full e-flex e-con e-child\" data-id=\"40917dce\" data-element_type=\"container\">\n\t\t\t\t<div class=\"elementor-element elementor-element-3902fc30 elementor-widget elementor-widget-image\" data-id=\"3902fc30\" data-element_type=\"widget\" data-widget_type=\"image.default\">\n\t\t\t\t<div class=\"elementor-widget-container\">\n\t\t\t\t\t\t\t\t\t\t\t\t\t<img decoding=\"async\" width=\"2560\" height=\"1707\" src=\"data:image\/gif;base64,R0lGODlhAQABAIAAAAAAAP\/\/\/yH5BAEAAAAALAAAAAABAAEAAAIBRAA7\" data-src=\"https:\/\/gymnitours.ca\/wp-content\/uploads\/2024\/11\/AdobeStock_227464818-scaled.jpeg\" class=\"attachment-full size-full wp-image-2047 lazyload\" alt=\"\" data-srcset=\"https:\/\/gymnitours.ca\/wp-content\/uploads\/2024\/11\/AdobeStock_227464818-scaled.jpeg 2560w, https:\/\/gymnitours.ca\/wp-content\/uploads\/2024\/11\/AdobeStock_227464818-300x200.jpeg 300w, https:\/\/gymnitours.ca\/wp-content\/uploads\/2024\/11\/AdobeStock_227464818-1024x683.jpeg 1024w, https:\/\/gymnitours.ca\/wp-content\/uploads\/2024\/11\/AdobeStock_227464818-768x512.jpeg 768w, https:\/\/gymnitours.ca\/wp-content\/uploads\/2024\/11\/AdobeStock_227464818-1536x1024.jpeg 1536w, https:\/\/gymnitours.ca\/wp-content\/uploads\/2024\/11\/AdobeStock_227464818-2048x1365.jpeg 2048w\" sizes=\"(max-width: 2560px) 100vw, 2560px\" \/><noscript><img loading=\"lazy\" decoding=\"async\" width=\"2560\" height=\"1707\" src=\"https:\/\/gymnitours.ca\/wp-content\/uploads\/2024\/11\/AdobeStock_227464818-scaled.jpeg\" class=\"attachment-full size-full wp-image-2047 lazyload\" alt=\"\" srcset=\"https:\/\/gymnitours.ca\/wp-content\/uploads\/2024\/11\/AdobeStock_227464818-scaled.jpeg 2560w, https:\/\/gymnitours.ca\/wp-content\/uploads\/2024\/11\/AdobeStock_227464818-300x200.jpeg 300w, https:\/\/gymnitours.ca\/wp-content\/uploads\/2024\/11\/AdobeStock_227464818-1024x683.jpeg 1024w, https:\/\/gymnitours.ca\/wp-content\/uploads\/2024\/11\/AdobeStock_227464818-768x512.jpeg 768w, https:\/\/gymnitours.ca\/wp-content\/uploads\/2024\/11\/AdobeStock_227464818-1536x1024.jpeg 1536w, https:\/\/gymnitours.ca\/wp-content\/uploads\/2024\/11\/AdobeStock_227464818-2048x1365.jpeg 2048w\" sizes=\"(max-width: 2560px) 100vw, 2560px\" \/><\/noscript>\t\t\t\t\t\t\t\t\t\t\t\t\t<\/div>\n\t\t\t\t<\/div>\n\t\t\t\t<\/div>\n\t\t<div class=\"elementor-element elementor-element-2b0a3e8c e-con-full e-flex e-con e-child\" data-id=\"2b0a3e8c\" data-element_type=\"container\">\n\t\t<div class=\"elementor-element elementor-element-e48a8ea e-con-full e-flex e-con e-child\" data-id=\"e48a8ea\" data-element_type=\"container\">\n\t\t\t\t<div class=\"elementor-element elementor-element-ab2676e elementor-widget elementor-widget-heading\" data-id=\"ab2676e\" data-element_type=\"widget\" data-widget_type=\"heading.default\">\n\t\t\t\t<div class=\"elementor-widget-container\">\n\t\t\t<h2 class=\"elementor-heading-title elementor-size-default\">Day Camp Registration<\/h2>\t\t<\/div>\n\t\t\t\t<\/div>\n\t\t\t\t<div class=\"elementor-element elementor-element-4e21f893 elementor-widget elementor-widget-image\" data-id=\"4e21f893\" data-element_type=\"widget\" data-widget_type=\"image.default\">\n\t\t\t\t<div class=\"elementor-widget-container\">\n\t\t\t\t\t\t\t\t\t\t\t\t\t<img loading=\"lazy\" decoding=\"async\" width=\"89\" height=\"2\" src=\"data:image\/gif;base64,R0lGODlhAQABAIAAAAAAAP\/\/\/yH5BAEAAAAALAAAAAABAAEAAAIBRAA7\" data-src=\"https:\/\/gymnitours.ca\/wp-content\/uploads\/2024\/06\/line.png\" class=\"attachment-full size-full wp-image-741 lazyload\" alt=\"\" \/><noscript><img loading=\"lazy\" decoding=\"async\" width=\"89\" height=\"2\" src=\"https:\/\/gymnitours.ca\/wp-content\/uploads\/2024\/06\/line.png\" class=\"attachment-full size-full wp-image-741 lazyload\" alt=\"\" \/><\/noscript>\t\t\t\t\t\t\t\t\t\t\t\t\t<\/div>\n\t\t\t\t<\/div>\n\t\t\t\t<div class=\"elementor-element elementor-element-4273dc23 elementor-widget elementor-widget-text-editor\" data-id=\"4273dc23\" data-element_type=\"widget\" data-widget_type=\"text-editor.default\">\n\t\t\t\t<div class=\"elementor-widget-container\">\n\t\t\t\t\t\t\t<p>Spring Break Day Camp.<\/p><p>The camp will be held at our Coll\u00e8ge Sainte-Anne palestra, located at 50 12th Avenue, Lachine.<\/p><p>Schedule: March 3 to 7, 2025, 9 a.m. to 4 p.m.<\/p><p>Cost: $250<\/p><p>Registration will be online via Amilia from January 27, 12 noon.<\/p><p>If you have any questions about schedules and costs, please consult our Amilia page or contact us: info@gymnitours.ca<\/p>\t\t\t\t\t\t<\/div>\n\t\t\t\t<\/div>\n\t\t\t\t<div class=\"elementor-element elementor-element-41f75b0d elementor-widget elementor-widget-button\" data-id=\"41f75b0d\" data-element_type=\"widget\" data-widget_type=\"button.default\">\n\t\t\t\t<div class=\"elementor-widget-container\">\n\t\t\t\t\t\t\t<div class=\"elementor-button-wrapper\">\n\t\t\t\t\t<a class=\"elementor-button elementor-button-link elementor-size-sm elementor-animation-shrink\" href=\"https:\/\/app.amilia.com\/gymnitours\">\n\t\t\t\t\t\t<span class=\"elementor-button-content-wrapper\">\n\t\t\t\t\t\t<span class=\"elementor-button-icon\">\n\t\t\t\t\t\t\t<\/span>\n\t\t\t\t\t\t\t\t\t<span class=\"elementor-button-text\">Registration<\/span>\n\t\t\t\t\t<\/span>\n\t\t\t\t\t<\/a>\n\t\t\t\t<\/div>\n\t\t\t\t\t\t<\/div>\n\t\t\t\t<\/div>\n\t\t\t\t<\/div>\n\t\t\t\t<\/div>\n\t\t\t\t\t<\/div>\n\t\t\t\t<\/div>\n\t\t\t\t<\/div>\n\t\t","protected":false},"excerpt":{"rendered":"<p>REGISTRATION Club Gymnitours Registrations will go live on August 25th, 2025, 12pm.&nbsp; First come, first served! We accept Visa, Mastercard, cheques and cash. Cancellation and refund policy:Refunds are available if requested BEFORE the 2nd course. A fee of 25% of the amount paid will be charged. No refund will be given to anyone who withdraws [&hellip;]<\/p>\n","protected":false},"author":1,"featured_media":0,"parent":0,"menu_order":0,"comment_status":"closed","ping_status":"closed","template":"","meta":{"footnotes":""},"class_list":["post-886","page","type-page","status-publish","hentry"],"yoast_head":"<!-- This site is optimized with the Yoast SEO plugin v23.9 - https:\/\/yoast.com\/wordpress\/plugins\/seo\/ -->\n<title>Registration - Gymnitours<\/title>\n<meta name=\"robots\" content=\"index, follow, max-snippet:-1, max-image-preview:large, max-video-preview:-1\" \/>\n<link rel=\"canonical\" href=\"https:\/\/gymnitours.ca\/en\/registration\/\" \/>\n<meta property=\"og:locale\" content=\"en_US\" \/>\n<meta property=\"og:type\" content=\"article\" \/>\n<meta property=\"og:title\" content=\"Registration - Gymnitours\" \/>\n<meta property=\"og:description\" content=\"REGISTRATION Club Gymnitours Registrations will go live on August 25th, 2025, 12pm.&nbsp; First come, first served! We accept Visa, Mastercard, cheques and cash. Cancellation and refund policy:Refunds are available if requested BEFORE the 2nd course. A fee of 25% of the amount paid will be charged. No refund will be given to anyone who withdraws [&hellip;]\" \/>\n<meta property=\"og:url\" content=\"https:\/\/gymnitours.ca\/en\/registration\/\" \/>\n<meta property=\"og:site_name\" content=\"Gymnitours\" \/>\n<meta property=\"article:publisher\" content=\"https:\/\/www.facebook.com\/people\/Gymnitours-de-Lachine\/100063534614742\/\" \/>\n<meta property=\"article:modified_time\" content=\"2025-08-22T17:37:14+00:00\" \/>\n<meta property=\"og:image\" content=\"http:\/\/gymnitours.ca\/wp-content\/uploads\/2024\/11\/PHOTO-1.png\" \/>\n<meta name=\"twitter:card\" content=\"summary_large_image\" \/>\n<meta name=\"twitter:label1\" content=\"Est. reading time\" \/>\n\t<meta name=\"twitter:data1\" content=\"2 minutes\" \/>\n<script type=\"application\/ld+json\" class=\"yoast-schema-graph\">{\"@context\":\"https:\/\/schema.org\",\"@graph\":[{\"@type\":\"WebPage\",\"@id\":\"https:\/\/gymnitours.ca\/en\/registration\/\",\"url\":\"https:\/\/gymnitours.ca\/en\/registration\/\",\"name\":\"Registration - Gymnitours\",\"isPartOf\":{\"@id\":\"https:\/\/gymnitours.ca\/en\/#website\"},\"primaryImageOfPage\":{\"@id\":\"https:\/\/gymnitours.ca\/en\/registration\/#primaryimage\"},\"image\":{\"@id\":\"https:\/\/gymnitours.ca\/en\/registration\/#primaryimage\"},\"thumbnailUrl\":\"http:\/\/gymnitours.ca\/wp-content\/uploads\/2024\/11\/PHOTO-1.png\",\"datePublished\":\"2024-06-07T14:58:19+00:00\",\"dateModified\":\"2025-08-22T17:37:14+00:00\",\"breadcrumb\":{\"@id\":\"https:\/\/gymnitours.ca\/en\/registration\/#breadcrumb\"},\"inLanguage\":\"en-US\",\"potentialAction\":[{\"@type\":\"ReadAction\",\"target\":[\"https:\/\/gymnitours.ca\/en\/registration\/\"]}]},{\"@type\":\"ImageObject\",\"inLanguage\":\"en-US\",\"@id\":\"https:\/\/gymnitours.ca\/en\/registration\/#primaryimage\",\"url\":\"http:\/\/gymnitours.ca\/wp-content\/uploads\/2024\/11\/PHOTO-1.png\",\"contentUrl\":\"http:\/\/gymnitours.ca\/wp-content\/uploads\/2024\/11\/PHOTO-1.png\"},{\"@type\":\"BreadcrumbList\",\"@id\":\"https:\/\/gymnitours.ca\/en\/registration\/#breadcrumb\",\"itemListElement\":[{\"@type\":\"ListItem\",\"position\":1,\"name\":\"Accueil\",\"item\":\"https:\/\/gymnitours.ca\/en\/\"},{\"@type\":\"ListItem\",\"position\":2,\"name\":\"Registration\"}]},{\"@type\":\"WebSite\",\"@id\":\"https:\/\/gymnitours.ca\/en\/#website\",\"url\":\"https:\/\/gymnitours.ca\/en\/\",\"name\":\"Club Gymnitours\",\"description\":\"\",\"publisher\":{\"@id\":\"https:\/\/gymnitours.ca\/en\/#organization\"},\"potentialAction\":[{\"@type\":\"SearchAction\",\"target\":{\"@type\":\"EntryPoint\",\"urlTemplate\":\"https:\/\/gymnitours.ca\/en\/?s={search_term_string}\"},\"query-input\":{\"@type\":\"PropertyValueSpecification\",\"valueRequired\":true,\"valueName\":\"search_term_string\"}}],\"inLanguage\":\"en-US\"},{\"@type\":\"Organization\",\"@id\":\"https:\/\/gymnitours.ca\/en\/#organization\",\"name\":\"Club Gymnitours\",\"url\":\"https:\/\/gymnitours.ca\/en\/\",\"logo\":{\"@type\":\"ImageObject\",\"inLanguage\":\"en-US\",\"@id\":\"https:\/\/gymnitours.ca\/en\/#\/schema\/logo\/image\/\",\"url\":\"https:\/\/gymnitours.ca\/wp-content\/uploads\/2024\/12\/logo-3.jpg\",\"contentUrl\":\"https:\/\/gymnitours.ca\/wp-content\/uploads\/2024\/12\/logo-3.jpg\",\"width\":228,\"height\":65,\"caption\":\"Club Gymnitours\"},\"image\":{\"@id\":\"https:\/\/gymnitours.ca\/en\/#\/schema\/logo\/image\/\"},\"sameAs\":[\"https:\/\/www.facebook.com\/people\/Gymnitours-de-Lachine\/100063534614742\/\",\"https:\/\/www.instagram.com\/clubgymnitoursdelachine\/\"]}]}<\/script>\n<!-- \/ Yoast SEO plugin. -->","yoast_head_json":{"title":"Registration - Gymnitours","robots":{"index":"index","follow":"follow","max-snippet":"max-snippet:-1","max-image-preview":"max-image-preview:large","max-video-preview":"max-video-preview:-1"},"canonical":"https:\/\/gymnitours.ca\/en\/registration\/","og_locale":"en_US","og_type":"article","og_title":"Registration - Gymnitours","og_description":"REGISTRATION Club Gymnitours Registrations will go live on August 25th, 2025, 12pm.&nbsp; First come, first served! We accept Visa, Mastercard, cheques and cash. Cancellation and refund policy:Refunds are available if requested BEFORE the 2nd course. A fee of 25% of the amount paid will be charged. No refund will be given to anyone who withdraws [&hellip;]","og_url":"https:\/\/gymnitours.ca\/en\/registration\/","og_site_name":"Gymnitours","article_publisher":"https:\/\/www.facebook.com\/people\/Gymnitours-de-Lachine\/100063534614742\/","article_modified_time":"2025-08-22T17:37:14+00:00","og_image":[{"url":"http:\/\/gymnitours.ca\/wp-content\/uploads\/2024\/11\/PHOTO-1.png"}],"twitter_card":"summary_large_image","twitter_misc":{"Est. reading time":"2 minutes"},"schema":{"@context":"https:\/\/schema.org","@graph":[{"@type":"WebPage","@id":"https:\/\/gymnitours.ca\/en\/registration\/","url":"https:\/\/gymnitours.ca\/en\/registration\/","name":"Registration - Gymnitours","isPartOf":{"@id":"https:\/\/gymnitours.ca\/en\/#website"},"primaryImageOfPage":{"@id":"https:\/\/gymnitours.ca\/en\/registration\/#primaryimage"},"image":{"@id":"https:\/\/gymnitours.ca\/en\/registration\/#primaryimage"},"thumbnailUrl":"http:\/\/gymnitours.ca\/wp-content\/uploads\/2024\/11\/PHOTO-1.png","datePublished":"2024-06-07T14:58:19+00:00","dateModified":"2025-08-22T17:37:14+00:00","breadcrumb":{"@id":"https:\/\/gymnitours.ca\/en\/registration\/#breadcrumb"},"inLanguage":"en-US","potentialAction":[{"@type":"ReadAction","target":["https:\/\/gymnitours.ca\/en\/registration\/"]}]},{"@type":"ImageObject","inLanguage":"en-US","@id":"https:\/\/gymnitours.ca\/en\/registration\/#primaryimage","url":"http:\/\/gymnitours.ca\/wp-content\/uploads\/2024\/11\/PHOTO-1.png","contentUrl":"http:\/\/gymnitours.ca\/wp-content\/uploads\/2024\/11\/PHOTO-1.png"},{"@type":"BreadcrumbList","@id":"https:\/\/gymnitours.ca\/en\/registration\/#breadcrumb","itemListElement":[{"@type":"ListItem","position":1,"name":"Accueil","item":"https:\/\/gymnitours.ca\/en\/"},{"@type":"ListItem","position":2,"name":"Registration"}]},{"@type":"WebSite","@id":"https:\/\/gymnitours.ca\/en\/#website","url":"https:\/\/gymnitours.ca\/en\/","name":"Club Gymnitours","description":"","publisher":{"@id":"https:\/\/gymnitours.ca\/en\/#organization"},"potentialAction":[{"@type":"SearchAction","target":{"@type":"EntryPoint","urlTemplate":"https:\/\/gymnitours.ca\/en\/?s={search_term_string}"},"query-input":{"@type":"PropertyValueSpecification","valueRequired":true,"valueName":"search_term_string"}}],"inLanguage":"en-US"},{"@type":"Organization","@id":"https:\/\/gymnitours.ca\/en\/#organization","name":"Club Gymnitours","url":"https:\/\/gymnitours.ca\/en\/","logo":{"@type":"ImageObject","inLanguage":"en-US","@id":"https:\/\/gymnitours.ca\/en\/#\/schema\/logo\/image\/","url":"https:\/\/gymnitours.ca\/wp-content\/uploads\/2024\/12\/logo-3.jpg","contentUrl":"https:\/\/gymnitours.ca\/wp-content\/uploads\/2024\/12\/logo-3.jpg","width":228,"height":65,"caption":"Club Gymnitours"},"image":{"@id":"https:\/\/gymnitours.ca\/en\/#\/schema\/logo\/image\/"},"sameAs":["https:\/\/www.facebook.com\/people\/Gymnitours-de-Lachine\/100063534614742\/","https:\/\/www.instagram.com\/clubgymnitoursdelachine\/"]}]}},"_links":{"self":[{"href":"https:\/\/gymnitours.ca\/en\/wp-json\/wp\/v2\/pages\/886","targetHints":{"allow":["GET"]}}],"collection":[{"href":"https:\/\/gymnitours.ca\/en\/wp-json\/wp\/v2\/pages"}],"about":[{"href":"https:\/\/gymnitours.ca\/en\/wp-json\/wp\/v2\/types\/page"}],"author":[{"embeddable":true,"href":"https:\/\/gymnitours.ca\/en\/wp-json\/wp\/v2\/users\/1"}],"replies":[{"embeddable":true,"href":"https:\/\/gymnitours.ca\/en\/wp-json\/wp\/v2\/comments?post=886"}],"version-history":[{"count":34,"href":"https:\/\/gymnitours.ca\/en\/wp-json\/wp\/v2\/pages\/886\/revisions"}],"predecessor-version":[{"id":2584,"href":"https:\/\/gymnitours.ca\/en\/wp-json\/wp\/v2\/pages\/886\/revisions\/2584"}],"wp:attachment":[{"href":"https:\/\/gymnitours.ca\/en\/wp-json\/wp\/v2\/media?parent=886"}],"curies":[{"name":"wp","href":"https:\/\/api.w.org\/{rel}","templated":true}]}}